{"id":74,"date":"2020-03-15T15:00:19","date_gmt":"2020-03-15T14:00:19","guid":{"rendered":"https:\/\/publications.european-athletics.org\/?page_id=74"},"modified":"2021-05-04T21:42:14","modified_gmt":"2021-05-04T19:42:14","slug":"transportation","status":"publish","type":"page","link":"https:\/\/publications.european-athletics.org\/silesia2021\/transportation\/","title":{"rendered":"Transportation"},"content":{"rendered":"\n<p>The transport department will provide service to the following operational sites:<\/p>\n\n\n\n<figure class=\"wp-block-table is-style-stripes\"><table><tbody><tr><td class=\"has-text-align-center\" data-align=\"center\"><strong>Name<\/strong><\/td><td class=\"has-text-align-center\" data-align=\"center\"><strong>Function<\/strong><strong><\/strong><\/td><td class=\"has-text-align-center\" data-align=\"center\"><strong>Address<\/strong><strong><\/strong><\/td><td><\/td><\/tr><tr><td class=\"has-text-align-center\" data-align=\"center\"><\/td><\/tr><tr><td class=\"has-text-align-center\" data-align=\"center\">Stadion \u015al\u0105ski<\/td><td class=\"has-text-align-center\" data-align=\"center\">Competition venue, MAC, training<\/td><td class=\"has-text-align-center\" data-align=\"center\">Katowicka 10, 41-500 Chorz\u00f3w<\/td><td><\/td><\/tr><tr><td class=\"has-text-align-center\" data-align=\"center\">G\u00f3rno\u015bl\u0105ski Park Etnograficzny&nbsp;<\/td><td class=\"has-text-align-center\" data-align=\"center\">COVID19 \u2013 Main Test Center<\/td><td class=\"has-text-align-center\" data-align=\"center\">Parkowa 25, 41-500 Chorz\u00f3w<\/td><td><\/td><\/tr><tr><td class=\"has-text-align-center\" data-align=\"center\">Vienna House Easy Katowice<\/td><td class=\"has-text-align-center\" data-align=\"center\">Team hotel #1<\/td><td class=\"has-text-align-center\" data-align=\"center\">Sokolska 24, 40-086 Katowice<\/td><td><\/td><\/tr><tr><td class=\"has-text-align-center\" data-align=\"center\">Novotel Katowice Centrum<\/td><td class=\"has-text-align-center\" data-align=\"center\">Team hotel #2<\/td><td class=\"has-text-align-center\" data-align=\"center\">aleja Ro\u017adzie\u0144skiego 16, 40-202 Katowice<\/td><td><\/td><\/tr><tr><td class=\"has-text-align-center\" data-align=\"center\">Park Hotel Diament Katowice<\/td><td class=\"has-text-align-center\" data-align=\"center\">Team hotel #3<\/td><td class=\"has-text-align-center\" data-align=\"center\">Wita Stwosza 37, 40-042 Katowice<\/td><td><\/td><\/tr><tr><td class=\"has-text-align-center\" data-align=\"center\">Katowice International Airport<\/td><td class=\"has-text-align-center\" data-align=\"center\">Official airport #1<\/td><td class=\"has-text-align-center\" data-align=\"center\">Wolno\u015bci 90, 42-625 O\u017carowice<\/td><td><\/td><\/tr><tr><td class=\"has-text-align-center\" data-align=\"center\">Krak\u00f3w International Airport<\/td><td class=\"has-text-align-center\" data-align=\"center\">Official airport #2<\/td><td class=\"has-text-align-center\" data-align=\"center\">Kapitana Mieczys\u0142awa Medweckiego 1, 32-083 Balice<\/td><td><\/td><\/tr><tr><td class=\"has-text-align-center\" data-align=\"center\">Katowice Train Station<\/td><td class=\"has-text-align-center\" data-align=\"center\">Official train station<\/td><td class=\"has-text-align-center\" data-align=\"center\">plac Wilhelma Szewczyka, 40-098 Katowice<\/td><td><\/td><\/tr><\/tbody><\/table><\/figure>\n\n\n\n<figure class=\"wp-block-image size-large\"><img decoding=\"async\" width=\"850\" height=\"602\" src=\"https:\/\/publications.european-athletics.org\/silesia2021\/wp-content\/uploads\/sites\/16\/2021\/03\/image-2.png\" alt=\"\" class=\"wp-image-1126\" srcset=\"https:\/\/publications.european-athletics.org\/silesia2021\/wp-content\/uploads\/sites\/16\/2021\/03\/image-2.png 850w, https:\/\/publications.european-athletics.org\/silesia2021\/wp-content\/uploads\/sites\/16\/2021\/03\/image-2-300x212.png 300w, https:\/\/publications.european-athletics.org\/silesia2021\/wp-content\/uploads\/sites\/16\/2021\/03\/image-2-768x544.png 768w\" sizes=\"(max-width: 709px) 85vw, (max-width: 909px) 67vw, (max-width: 1362px) 62vw, 840px\" \/><\/figure>\n\n\n\n<ul class=\"wp-block-list\"><li>Vehicles used for transfer will run at 50% of their maximum capacity, to keep social distance.<\/li><li>Vehicles will be disinfected before and after each trip.<\/li><li>Mask must be worn at all times, in buses or shuttles, for the entire duration of the transfer.<\/li><\/ul>\n\n\n\n<p>Below are the routes from each points of entry to the respective hotels and accreditation centres with their distance and duration.<\/p>\n\n\n\n<figure class=\"wp-block-table caption-align-center is-style-stripes\"><table><tbody><tr><td><strong>Location<\/strong><\/td><td><strong>duration<\/strong><strong><\/strong><\/td><td><strong>distance<\/strong><strong><\/strong><\/td><td><\/td><\/tr><tr><td><\/td><\/tr><tr><td>Katowice Airport \u2013 Main Testing Centre<\/td><td>45 min<\/td><td>40 km<\/td><td><\/td><\/tr><tr><td>Krak\u00f3w Airport \u2013&nbsp;Main Testing Centre<\/td><td>1h 10 min<\/td><td>70 km<\/td><td><\/td><\/tr><tr><td>Train station &#8211; Main Testing Centre<\/td><td>20 min<\/td><td>7 km<\/td><td><\/td><\/tr><tr><td>Main Testing Centre &#8211; MAC<\/td><td>5 min<\/td><td>0,3 km<\/td><td><\/td><\/tr><tr><td>Main Testing Centre&nbsp;&#8211; Vienna House Easy Katowice<\/td><td>15 min<\/td><td>6,5 km<\/td><td><\/td><\/tr><tr><td>Main Testing Centre&nbsp;&#8211; Novotel Katowice Centrum<\/td><td>15 min<\/td><td>7 km<\/td><td><\/td><\/tr><tr><td>Main Testing Centre&nbsp;&#8211; Park Hotel Diament Katowice<\/td><td>20 min<\/td><td>9 km<\/td><td><\/td><\/tr><tr><td>Vienna House Easy \u2013 Krak\u00f3w Airport<\/td><td>60 min<\/td><td>70 km<\/td><td><\/td><\/tr><tr><td>Novotel &#8211; Krak\u00f3w Airport<\/td><td>60 min<\/td><td>70 km<\/td><td><\/td><\/tr><tr><td>Park Hotel Diament &#8211; Krak\u00f3w Airport<\/td><td>60 min<\/td><td>70 km<\/td><td><\/td><\/tr><tr><td>Vienna House Easy \u2013 Katowice Airport<\/td><td>45 min<\/td><td>40 km<\/td><td><\/td><\/tr><tr><td>Novotel &#8211; Katowice Airport<\/td><td>45 min<\/td><td>40 km<\/td><td><\/td><\/tr><tr><td>Park Hotel Diament &#8211; Katowice Airport<\/td><td>45 min<\/td><td>40 km<\/td><td><\/td><\/tr><tr><td>Vienna House Easy &#8211; Train station<\/td><td>10 min<\/td><td>2 km<\/td><td><\/td><\/tr><tr><td>Novotel &#8211; Train station<\/td><td>15 min<\/td><td>3 km<\/td><td><\/td><\/tr><tr><td>Park Hotel Diament &#8211; Train station<\/td><td>10 min<\/td><td>2 km<\/td><td><\/td><\/tr><\/tbody><\/table><\/figure>\n\n\n\n<p><\/p>\n","protected":false},"excerpt":{"rendered":"<p>The transport department will provide service to the following operational sites: Name Function Address Stadion \u015al\u0105ski Competition venue, MAC, training Katowicka 10, 41-500 Chorz\u00f3w G\u00f3rno\u015bl\u0105ski Park Etnograficzny&nbsp; COVID19 \u2013 Main Test Center Parkowa 25, 41-500 Chorz\u00f3w Vienna House Easy Katowice Team hotel #1 Sokolska 24, 40-086 Katowice Novotel Katowice Centrum Team hotel #2 aleja Ro\u017adzie\u0144skiego &hellip; <a href=\"https:\/\/publications.european-athletics.org\/silesia2021\/transportation\/\" class=\"more-link\">Continue reading<\/a><\/p>\n","protected":false},"author":11,"featured_media":0,"parent":0,"menu_order":5,"comment_status":"closed","ping_status":"closed","template":"","meta":{"_editorskit_title_hidden":false,"_editorskit_reading_time":2,"_editorskit_is_block_options_detached":false,"_editorskit_block_options_position":"{}","_coblocks_attr":"","_coblocks_dimensions":"","_coblocks_responsive_height":"","_coblocks_accordion_ie_support":"","footnotes":""},"class_list":["post-74","page","type-page","status-publish","hentry"],"_links":{"self":[{"href":"https:\/\/publications.european-athletics.org\/silesia2021\/wp-json\/wp\/v2\/pages\/74","targetHints":{"allow":["GET"]}}],"collection":[{"href":"https:\/\/publications.european-athletics.org\/silesia2021\/wp-json\/wp\/v2\/pages"}],"about":[{"href":"https:\/\/publications.european-athletics.org\/silesia2021\/wp-json\/wp\/v2\/types\/page"}],"author":[{"embeddable":true,"href":"https:\/\/publications.european-athletics.org\/silesia2021\/wp-json\/wp\/v2\/users\/11"}],"replies":[{"embeddable":true,"href":"https:\/\/publications.european-athletics.org\/silesia2021\/wp-json\/wp\/v2\/comments?post=74"}],"version-history":[{"count":6,"href":"https:\/\/publications.european-athletics.org\/silesia2021\/wp-json\/wp\/v2\/pages\/74\/revisions"}],"predecessor-version":[{"id":1325,"href":"https:\/\/publications.european-athletics.org\/silesia2021\/wp-json\/wp\/v2\/pages\/74\/revisions\/1325"}],"wp:attachment":[{"href":"https:\/\/publications.european-athletics.org\/silesia2021\/wp-json\/wp\/v2\/media?parent=74"}],"curies":[{"name":"wp","href":"https:\/\/api.w.org\/{rel}","templated":true}]}}